{"id":2859,"date":"2026-01-20T22:25:51","date_gmt":"2026-01-20T21:25:51","guid":{"rendered":"https:\/\/bibliotekaotwarta.umk.pl\/en\/?page_id=2859"},"modified":"2026-03-11T19:40:22","modified_gmt":"2026-03-11T18:40:22","slug":"participants","status":"publish","type":"page","link":"https:\/\/bibliotekaotwarta.umk.pl\/en\/participants\/","title":{"rendered":"Participants"},"content":{"rendered":"\n<div class=\"wp-block-columns is-layout-flex wp-container-core-columns-is-layout-28f84493 wp-block-columns-is-layout-flex\">\n<div class=\"wp-block-column is-layout-flow wp-block-column-is-layout-flow\">\t<h3 data-spectra-id=\"spectra-mkn3s41w-kbjy4t\"\t\tclass=\"wp-block-spectra-content\">\n\t\tInformation for participants:\t<\/h3>\n\n\n\t<p data-spectra-id=\"spectra-mknv9z5z-vxaef5\"\t\tclass=\"wp-block-spectra-content\">\n\t\tThe conference will be held in person. The conference languages \u200b\u200bare Polish and English. The event <strong>programme<\/strong> will be published on our website after September 15th.\t<\/p>\n\n\n\t<p data-spectra-id=\"spectra-mknva39z-3s3r65\"\t\tclass=\"wp-block-spectra-content\">\n\t\tParticipation in the conference is subject to a fee. The conference fee is <strong>PLN 350.00<\/strong> for all participants.\t<\/p>\n\n\n\t<p data-spectra-id=\"spectra-mknva6dq-rpqr7q\"\t\tclass=\"wp-block-spectra-content\">\n\t\tWe ask all interested parties to complete the <strong><a href=\"https:\/\/forms.cloud.microsoft\/pages\/responsepage.aspx?id=f2IK6JTvqUqC1sfsnPyjJAw6SHpGYEBCgVGzfe1XMZRURFFRWjlJQkJGRVlGREc2TVpZR0hSOU9RQy4u&amp;origin=lprLink&amp;route=shorturl\" data-type=\"link\" data-id=\"https:\/\/forms.cloud.microsoft\/pages\/responsepage.aspx?id=f2IK6JTvqUqC1sfsnPyjJAw6SHpGYEBCgVGzfe1XMZRUNkNOQzkyUUlTVFM4M0pLVzU3VVJHOU1URy4u&amp;origin=lprLink&amp;fbclid=IwY2xjawQJGNpleHRuA2FlbQIxMABicmlkETBJSWtDZ0tjN1hmM1ZyZDJJc3J0YwZhcHBfaWQQMjIyMDM5MTc4ODIwMDg5MgABHqEiSBqLlxH2jE1t9oxzrq30dr5JKCsDzPS4nZwjZFbPrxXeaEkS4E5n9izL_aem_h5iCozHVF4at5CyCHaSFhg&amp;route=shorturl\" target=\"_blank\" rel=\"noreferrer noopener\">registration form<\/a><\/strong>\t<\/p>\n\n\n\t<p data-spectra-id=\"spectra-mknva8rs-d17faj\"\t\tclass=\"wp-block-spectra-content\">\n\t\tThe organizers plan to publish a post-conference publication, so we ask that you submit abstracts of your papers (approximately 250-300 words). The abstract should include the purpose of the presentation, methodology, and main conclusions.\t<\/p>\n\n\n\t<h3 data-spectra-id=\"spectra-mkntyiti-vmkdmo\"\t\tclass=\"wp-block-spectra-content\">\n\t\tPlace of meeting:\t<\/h3>\n\n\n\t<p data-spectra-id=\"spectra-mknvab2y-tuoz44\"\t\tclass=\"wp-block-spectra-content\">\n\t\tThe conference will be held at the Institute of Information and Communication Research of the Nicolaus Copernicus University in Toru\u0144, Collegium Humanisticum, W\u0142adys\u0142awa Bojarskiego Street 1 (room C.0.39, ground floor).\t<\/p>\n\n\n<div data-spectra-id=\"spectra-mknuhvs0-idu6hg\" class=\"spectra-google-map wp-block-spectra-google-map\">\n\t<embed\n\t\tclass=\"spectra-google-map__iframe\"\n\t\ttitle=\"Mapa Google dla bojarskiego 1 Toru\u0144\"\n\t\tsrc=\"https:\/\/maps.google.com\/maps?q=bojarskiego+1+Toru%C5%84&#038;z=15&#038;hl=en&#038;t=m&#038;output=embed&#038;iwloc=near\"\n\t\twidth=\"100%\"\n\t\theight=\"100%\"\n\t\tstyle=\"border: 0;\"\n\t\tallowfullscreen=\"\"\n\t\tloading=\"lazy\"\n\t\treferrerpolicy=\"no-referrer-when-downgrade\"\n\t><\/embed>\n<\/div>\n\n\n\t<h3 data-spectra-id=\"spectra-mknugc8a-gvhc65\"\t\tclass=\"wp-block-spectra-content\">\n\t\tDeadlines:\t<\/h3>\n\n\n\n<ul class=\"wp-block-list\">\n<li>March 9, 2026: Registration starts<\/li>\n\n\n\n<li>June 30, 2026: Deadline for submissions (with\/without a paper)<\/li>\n\n\n\n<li>July 10, 2026: Information on paper acceptance<\/li>\n\n\n\n<li>August 15, 2026: Deadline for conference fee payment<\/li>\n\n\n\n<li>October 15, 2026: Conference<\/li>\n\n\n\n<li>January 15, 2027: Deadline for paper submission<\/li>\n\n\n\n<li>December 2027: Planned publication date of the conference publication<\/li>\n<\/ul>\n\n\n\t<h3 data-spectra-id=\"spectra-mknuktoa-x7owz3\"\t\tclass=\"wp-block-spectra-content\">\n\t\tTransfer details:\t<\/h3>\n\n\n\n<ul class=\"wp-block-list\">\n<li>The account number for payments for participants will be provided soon.<\/li>\n<\/ul>\n\n\n\t<h3 data-spectra-id=\"spectra-mknv2c3q-o16p2y\"\t\tclass=\"wp-block-spectra-content\">\n\t\tContact for payments and invoices:\t<\/h3>\n\n\n\t<p data-spectra-id=\"spectra-mknv1plc-u69vur\"\t\tclass=\"wp-block-spectra-content\">\n\t\tdr Natalia Pamu\u0142a \u2013\u00a0<a href=\"mailto:napa@umk.pl\">napa@umk.pl<\/a>\t<\/p>\n\n\n\t<h3 data-spectra-id=\"spectra-mknv3035-q64vj2\"\t\tclass=\"wp-block-spectra-content\">\n\t\tContact for organizational matters:\t<\/h3>\n\n\n\t<p data-spectra-id=\"spectra-mknvaqfa-icnwtb\"\t\tclass=\"wp-block-spectra-content\">\n\t\tdr Magdalena Cyrklaff-Gorczyca \u2013&nbsp;<a href=\"mailto:magdalena.cyrklaff@umk.pl\">magdalena.cyrklaff@umk.pl<\/a>\t<\/p>\n<\/div>\n<\/div>\n\n\n\n<p><\/p>\n","protected":false},"excerpt":{"rendered":"","protected":false},"author":1,"featured_media":0,"parent":0,"menu_order":0,"comment_status":"closed","ping_status":"closed","template":"","meta":{"_uag_custom_page_level_css":"","site-sidebar-layout":"default","site-content-layout":"","ast-site-content-layout":"default","site-content-style":"default","site-sidebar-style":"default","ast-global-header-display":"","ast-banner-title-visibility":"","ast-main-header-display":"","ast-hfb-above-header-display":"","ast-hfb-below-header-display":"","ast-hfb-mobile-header-display":"","site-post-title":"disabled","ast-breadcrumbs-content":"","ast-featured-img":"","footer-sml-layout":"","ast-disable-related-posts":"","theme-transparent-header-meta":"","adv-header-id-meta":"","stick-header-meta":"","header-above-stick-meta":"","header-main-stick-meta":"","header-below-stick-meta":"","astra-migrate-meta-layouts":"set","ast-page-background-enabled":"default","ast-page-background-meta":{"desktop":{"background-color":"","background-image":"","background-repeat":"repeat","background-position":"center center","background-size":"auto","background-attachment":"scroll","background-type":"","background-media":"","overlay-type":"","overlay-color":"","overlay-opacity":"","overlay-gradient":""},"tablet":{"background-color":"","background-image":"","background-repeat":"repeat","background-position":"center center","background-size":"auto","background-attachment":"scroll","background-type":"","background-media":"","overlay-type":"","overlay-color":"","overlay-opacity":"","overlay-gradient":""},"mobile":{"background-color":"","background-image":"","background-repeat":"repeat","background-position":"center center","background-size":"auto","background-attachment":"scroll","background-type":"","background-media":"","overlay-type":"","overlay-color":"","overlay-opacity":"","overlay-gradient":""}},"ast-content-background-meta":{"desktop":{"background-color":"var(--ast-global-color-5)","background-image":"","background-repeat":"repeat","background-position":"center center","background-size":"auto","background-attachment":"scroll","background-type":"","background-media":"","overlay-type":"","overlay-color":"","overlay-opacity":"","overlay-gradient":""},"tablet":{"background-color":"var(--ast-global-color-5)","background-image":"","background-repeat":"repeat","background-position":"center center","background-size":"auto","background-attachment":"scroll","background-type":"","background-media":"","overlay-type":"","overlay-color":"","overlay-opacity":"","overlay-gradient":""},"mobile":{"background-color":"var(--ast-global-color-5)","background-image":"","background-repeat":"repeat","background-position":"center center","background-size":"auto","background-attachment":"scroll","background-type":"","background-media":"","overlay-type":"","overlay-color":"","overlay-opacity":"","overlay-gradient":""}},"footnotes":""},"class_list":["post-2859","page","type-page","status-publish","hentry"],"uagb_featured_image_src":{"full":false,"thumbnail":false,"medium":false,"medium_large":false,"large":false,"1536x1536":false,"2048x2048":false},"uagb_author_info":{"display_name":"admin","author_link":"https:\/\/bibliotekaotwarta.umk.pl\/en\/author\/admin\/"},"uagb_comment_info":0,"uagb_excerpt":null,"_links":{"self":[{"href":"https:\/\/bibliotekaotwarta.umk.pl\/en\/wp-json\/wp\/v2\/pages\/2859","targetHints":{"allow":["GET"]}}],"collection":[{"href":"https:\/\/bibliotekaotwarta.umk.pl\/en\/wp-json\/wp\/v2\/pages"}],"about":[{"href":"https:\/\/bibliotekaotwarta.umk.pl\/en\/wp-json\/wp\/v2\/types\/page"}],"author":[{"embeddable":true,"href":"https:\/\/bibliotekaotwarta.umk.pl\/en\/wp-json\/wp\/v2\/users\/1"}],"replies":[{"embeddable":true,"href":"https:\/\/bibliotekaotwarta.umk.pl\/en\/wp-json\/wp\/v2\/comments?post=2859"}],"version-history":[{"count":19,"href":"https:\/\/bibliotekaotwarta.umk.pl\/en\/wp-json\/wp\/v2\/pages\/2859\/revisions"}],"predecessor-version":[{"id":2934,"href":"https:\/\/bibliotekaotwarta.umk.pl\/en\/wp-json\/wp\/v2\/pages\/2859\/revisions\/2934"}],"wp:attachment":[{"href":"https:\/\/bibliotekaotwarta.umk.pl\/en\/wp-json\/wp\/v2\/media?parent=2859"}],"curies":[{"name":"wp","href":"https:\/\/api.w.org\/{rel}","templated":true}]}}