{"id":2855,"date":"2026-01-20T22:24:20","date_gmt":"2026-01-20T21:24:20","guid":{"rendered":"https:\/\/bibliotekaotwarta.umk.pl\/en\/?page_id=2855"},"modified":"2026-02-23T15:23:27","modified_gmt":"2026-02-23T14:23:27","slug":"scientific-committee","status":"publish","type":"page","link":"https:\/\/bibliotekaotwarta.umk.pl\/en\/scientific-committee\/","title":{"rendered":"Scientific Board"},"content":{"rendered":"\n<div class=\"wp-block-columns is-layout-flex wp-container-core-columns-is-layout-28f84493 wp-block-columns-is-layout-flex\">\n<div class=\"wp-block-column is-layout-flow wp-block-column-is-layout-flow\">\t<h2 data-spectra-id=\"spectra-mkn3pb4p-1itplt\"\t\tclass=\"wp-block-spectra-content\">\n\t\tScientific Board\t<\/h2>\n\n\n\n<ul class=\"wp-block-list\">\n<li>prof. dr hab. Ewa G\u0142owacka (Nicolaus Copernicus University in Toru\u0144)<\/li>\n\n\n\n<li>dr hab. Ma\u0142gorzata Fedorowicz-Kruszewska, prof. UMK (Nicolaus Copernicus University in Toru\u0144)<\/li>\n\n\n\n<li>dr hab. Maja Wojciechowska, prof. UG (University of Gda\u0144sk)<\/li>\n\n\n\n<li>dr hab. Magdalena W\u00f3jcik, prof. UJ (Jagiellonian University in Krak\u00f3w)<\/li>\n\n\n\n<li>dr Natalia Pamu\u0142a (Nicolaus Copernicus University in Toru\u0144)<\/li>\n\n\n\n<li>dr Magdalena Cyrklaff-Gorczyca (Nicolaus Copernicus University in Toru\u0144)<\/li>\n\n\n\n<li>dr Przemys\u0142aw Krysi\u0144ski (Nicolaus Copernicus University in Toru\u0144)<\/li>\n\n\n\n<li>dr Magdalena Wojciechowska (University of Lodz)<\/li>\n\n\n\n<li>dr Giulia Conti (L\u2019Universit\u00e0 di Modena e Reggio Emilia\/Italy)<\/li>\n\n\n\n<li>dr Micha\u0142 Lorenz (Masaryk University\/Czechia)<\/li>\n\n\n\n<li>Iryna Tiurmenko (National Aviation University\/Ukraine)<\/li>\n<\/ul>\n<\/div>\n<\/div>\n\n\n<div data-spectra-id=\"spectra-mlz9ifqg-seiklo\"\tstyle=\"overflow: visible;\" class=\"spectra-is-root-container alignfull spectra-overlay-color spectra-overflow wp-block-spectra-container\" data-orientation=\"vertical\"\t>\n\t<\/div>\n\n\n<div data-spectra-id=\"spectra-mlz9o5k2-tnnuf3\"\tstyle=\"overflow: visible;\" class=\"spectra-is-root-container alignfull spectra-overlay-color spectra-overflow wp-block-spectra-container\" data-orientation=\"vertical\"\t>\n\t<\/div>\n\n\n<div data-spectra-id=\"spectra-mlz9o97g-orjbvl\"\tstyle=\"overflow: visible;\" class=\"spectra-is-root-container alignfull spectra-overlay-color spectra-overflow wp-block-spectra-container\" data-orientation=\"vertical\"\t>\n\t<\/div>\n","protected":false},"excerpt":{"rendered":"","protected":false},"author":1,"featured_media":0,"parent":0,"menu_order":0,"comment_status":"closed","ping_status":"closed","template":"","meta":{"_uag_custom_page_level_css":"","site-sidebar-layout":"default","site-content-layout":"","ast-site-content-layout":"default","site-content-style":"default","site-sidebar-style":"default","ast-global-header-display":"","ast-banner-title-visibility":"","ast-main-header-display":"","ast-hfb-above-header-display":"","ast-hfb-below-header-display":"","ast-hfb-mobile-header-display":"","site-post-title":"disabled","ast-breadcrumbs-content":"","ast-featured-img":"","footer-sml-layout":"","ast-disable-related-posts":"","theme-transparent-header-meta":"","adv-header-id-meta":"","stick-header-meta":"","header-above-stick-meta":"","header-main-stick-meta":"","header-below-stick-meta":"","astra-migrate-meta-layouts":"set","ast-page-background-enabled":"default","ast-page-background-meta":{"desktop":{"background-color":"","background-image":"","background-repeat":"repeat","background-position":"center center","background-size":"auto","background-attachment":"scroll","background-type":"","background-media":"","overlay-type":"","overlay-color":"","overlay-opacity":"","overlay-gradient":""},"tablet":{"background-color":"","background-image":"","background-repeat":"repeat","background-position":"center center","background-size":"auto","background-attachment":"scroll","background-type":"","background-media":"","overlay-type":"","overlay-color":"","overlay-opacity":"","overlay-gradient":""},"mobile":{"background-color":"","background-image":"","background-repeat":"repeat","background-position":"center center","background-size":"auto","background-attachment":"scroll","background-type":"","background-media":"","overlay-type":"","overlay-color":"","overlay-opacity":"","overlay-gradient":""}},"ast-content-background-meta":{"desktop":{"background-color":"var(--ast-global-color-5)","background-image":"","background-repeat":"repeat","background-position":"center center","background-size":"auto","background-attachment":"scroll","background-type":"","background-media":"","overlay-type":"","overlay-color":"","overlay-opacity":"","overlay-gradient":""},"tablet":{"background-color":"var(--ast-global-color-5)","background-image":"","background-repeat":"repeat","background-position":"center center","background-size":"auto","background-attachment":"scroll","background-type":"","background-media":"","overlay-type":"","overlay-color":"","overlay-opacity":"","overlay-gradient":""},"mobile":{"background-color":"var(--ast-global-color-5)","background-image":"","background-repeat":"repeat","background-position":"center center","background-size":"auto","background-attachment":"scroll","background-type":"","background-media":"","overlay-type":"","overlay-color":"","overlay-opacity":"","overlay-gradient":""}},"footnotes":""},"class_list":["post-2855","page","type-page","status-publish","hentry"],"uagb_featured_image_src":{"full":false,"thumbnail":false,"medium":false,"medium_large":false,"large":false,"1536x1536":false,"2048x2048":false},"uagb_author_info":{"display_name":"admin","author_link":"https:\/\/bibliotekaotwarta.umk.pl\/en\/author\/admin\/"},"uagb_comment_info":0,"uagb_excerpt":null,"_links":{"self":[{"href":"https:\/\/bibliotekaotwarta.umk.pl\/en\/wp-json\/wp\/v2\/pages\/2855","targetHints":{"allow":["GET"]}}],"collection":[{"href":"https:\/\/bibliotekaotwarta.umk.pl\/en\/wp-json\/wp\/v2\/pages"}],"about":[{"href":"https:\/\/bibliotekaotwarta.umk.pl\/en\/wp-json\/wp\/v2\/types\/page"}],"author":[{"embeddable":true,"href":"https:\/\/bibliotekaotwarta.umk.pl\/en\/wp-json\/wp\/v2\/users\/1"}],"replies":[{"embeddable":true,"href":"https:\/\/bibliotekaotwarta.umk.pl\/en\/wp-json\/wp\/v2\/comments?post=2855"}],"version-history":[{"count":12,"href":"https:\/\/bibliotekaotwarta.umk.pl\/en\/wp-json\/wp\/v2\/pages\/2855\/revisions"}],"predecessor-version":[{"id":2923,"href":"https:\/\/bibliotekaotwarta.umk.pl\/en\/wp-json\/wp\/v2\/pages\/2855\/revisions\/2923"}],"wp:attachment":[{"href":"https:\/\/bibliotekaotwarta.umk.pl\/en\/wp-json\/wp\/v2\/media?parent=2855"}],"curies":[{"name":"wp","href":"https:\/\/api.w.org\/{rel}","templated":true}]}}